{"id":8,"date":"2023-06-26T18:31:09","date_gmt":"2023-06-26T16:31:09","guid":{"rendered":"https:\/\/barneyrooster.com\/?page_id=8"},"modified":"2024-08-04T15:48:46","modified_gmt":"2024-08-04T13:48:46","slug":"bemutatkozas","status":"publish","type":"page","link":"https:\/\/barneyrooster.com\/en\/bemutatkozas\/","title":{"rendered":"About me"},"content":{"rendered":"<div class=\"wp-block-group alignfull is-layout-flow wp-block-group-is-layout-flow\">\n<div class=\"wp-block-cover alignfull is-light\" style=\"min-height:100vh;aspect-ratio:unset;\"><span aria-hidden=\"true\" class=\"wp-block-cover__background has-base-background-color has-background-dim-80 has-background-dim\"><\/span><img loading=\"lazy\" decoding=\"async\" width=\"1375\" height=\"1055\" class=\"wp-block-cover__image-background wp-image-151\" alt=\"h\u00e1tt\u00e9rk\u00e9p\" src=\"http:\/\/barneyrooster.com\/wp-content\/uploads\/2023\/07\/Hidegtu-e1688221857191.jpg\" data-object-fit=\"cover\" srcset=\"https:\/\/barneyrooster.com\/wp-content\/uploads\/2023\/07\/Hidegtu-e1688221857191.jpg 1375w, https:\/\/barneyrooster.com\/wp-content\/uploads\/2023\/07\/Hidegtu-e1688221857191-300x230.jpg 300w, https:\/\/barneyrooster.com\/wp-content\/uploads\/2023\/07\/Hidegtu-e1688221857191-1024x786.jpg 1024w, https:\/\/barneyrooster.com\/wp-content\/uploads\/2023\/07\/Hidegtu-e1688221857191-768x589.jpg 768w\" sizes=\"auto, (max-width: 1375px) 100vw, 1375px\" \/><div class=\"wp-block-cover__inner-container is-layout-flow wp-block-cover-is-layout-flow\">\n<div class=\"wp-block-group is-nowrap is-layout-flex wp-container-core-group-is-layout-6c531013 wp-block-group-is-layout-flex wp-container-1 is-position-sticky\">\n<figure class=\"wp-block-image size-large has-custom-border is-style-rounded\"><img loading=\"lazy\" decoding=\"async\" width=\"748\" height=\"1024\" src=\"https:\/\/barneyrooster.com\/wp-content\/uploads\/2023\/07\/Kepem-748x1024.png\" alt=\"\" class=\"wp-image-148\" style=\"border-radius:6px\" srcset=\"https:\/\/barneyrooster.com\/wp-content\/uploads\/2023\/07\/Kepem-748x1024.png 748w, https:\/\/barneyrooster.com\/wp-content\/uploads\/2023\/07\/Kepem-219x300.png 219w, https:\/\/barneyrooster.com\/wp-content\/uploads\/2023\/07\/Kepem-768x1052.png 768w, https:\/\/barneyrooster.com\/wp-content\/uploads\/2023\/07\/Kepem-1121x1536.png 1121w, https:\/\/barneyrooster.com\/wp-content\/uploads\/2023\/07\/Kepem.png 1495w\" sizes=\"auto, (max-width: 748px) 100vw, 748px\" \/><\/figure>\n\n\n\n<p class=\"has-text-align-left has-contrast-color has-text-color has-inter-font-family has-small-font-size\"><strong>My name is Barnab\u00e1s Honti, an entry-level graphic designer.<br><br><\/strong>Spectacular visual solutions and drawing have played a central role throughout my life. During and alongside my studies, I created numberous graphic design tasks, which received positive feedback from my teachers, clients and acquaintances. <br> <br>In my gallery, you can see my previous work - without the need for completeness - so that others can also get a glimpse into this pictorial world. <br>I welcome constructive criticism, as I am constantly striving for improvement and I try to keep an eye on professional innovations. <br><br><br><\/p>\n<\/div>\n\n\n\n<p class=\"has-text-align-center has-large-font-size\"><\/p>\n<\/div><\/div>\n<\/div>","protected":false},"excerpt":{"rendered":"","protected":false},"author":2,"featured_media":0,"parent":0,"menu_order":0,"comment_status":"closed","ping_status":"closed","template":"","meta":{"footnotes":""},"class_list":["post-8","page","type-page","status-publish","hentry"],"_links":{"self":[{"href":"https:\/\/barneyrooster.com\/en\/wp-json\/wp\/v2\/pages\/8","targetHints":{"allow":["GET"]}}],"collection":[{"href":"https:\/\/barneyrooster.com\/en\/wp-json\/wp\/v2\/pages"}],"about":[{"href":"https:\/\/barneyrooster.com\/en\/wp-json\/wp\/v2\/types\/page"}],"author":[{"embeddable":true,"href":"https:\/\/barneyrooster.com\/en\/wp-json\/wp\/v2\/users\/2"}],"replies":[{"embeddable":true,"href":"https:\/\/barneyrooster.com\/en\/wp-json\/wp\/v2\/comments?post=8"}],"version-history":[{"count":27,"href":"https:\/\/barneyrooster.com\/en\/wp-json\/wp\/v2\/pages\/8\/revisions"}],"predecessor-version":[{"id":249,"href":"https:\/\/barneyrooster.com\/en\/wp-json\/wp\/v2\/pages\/8\/revisions\/249"}],"wp:attachment":[{"href":"https:\/\/barneyrooster.com\/en\/wp-json\/wp\/v2\/media?parent=8"}],"curies":[{"name":"wp","href":"https:\/\/api.w.org\/{rel}","templated":true}]}}