{"id":8,"date":"2023-06-26T18:31:09","date_gmt":"2023-06-26T16:31:09","guid":{"rendered":"https:\/\/barneyrooster.com\/?page_id=8"},"modified":"2024-08-04T15:48:46","modified_gmt":"2024-08-04T13:48:46","slug":"bemutatkozas","status":"publish","type":"page","link":"https:\/\/barneyrooster.com\/hu\/bemutatkozas\/","title":{"rendered":"Bemutatkoz\u00e1s"},"content":{"rendered":"\n<div class=\"wp-block-group alignfull is-layout-flow wp-block-group-is-layout-flow\">\n<div class=\"wp-block-cover alignfull is-light\" style=\"min-height:100vh;aspect-ratio:unset;\"><span aria-hidden=\"true\" class=\"wp-block-cover__background has-base-background-color has-background-dim-80 has-background-dim\"><\/span><img loading=\"lazy\" decoding=\"async\" width=\"1375\" height=\"1055\" class=\"wp-block-cover__image-background wp-image-151\" alt=\"h\u00e1tt\u00e9rk\u00e9p\" src=\"http:\/\/barneyrooster.com\/wp-content\/uploads\/2023\/07\/Hidegtu-e1688221857191.jpg\" data-object-fit=\"cover\" srcset=\"https:\/\/barneyrooster.com\/wp-content\/uploads\/2023\/07\/Hidegtu-e1688221857191.jpg 1375w, https:\/\/barneyrooster.com\/wp-content\/uploads\/2023\/07\/Hidegtu-e1688221857191-300x230.jpg 300w, https:\/\/barneyrooster.com\/wp-content\/uploads\/2023\/07\/Hidegtu-e1688221857191-1024x786.jpg 1024w, https:\/\/barneyrooster.com\/wp-content\/uploads\/2023\/07\/Hidegtu-e1688221857191-768x589.jpg 768w\" sizes=\"auto, (max-width: 1375px) 100vw, 1375px\" \/><div class=\"wp-block-cover__inner-container is-layout-flow wp-block-cover-is-layout-flow\">\n<div class=\"wp-block-group is-nowrap is-layout-flex wp-container-core-group-is-layout-6c531013 wp-block-group-is-layout-flex wp-container-1 is-position-sticky\">\n<figure class=\"wp-block-image size-large has-custom-border is-style-rounded\"><img loading=\"lazy\" decoding=\"async\" width=\"748\" height=\"1024\" src=\"https:\/\/barneyrooster.com\/wp-content\/uploads\/2023\/07\/Kepem-748x1024.png\" alt=\"\" class=\"wp-image-148\" style=\"border-radius:6px\" srcset=\"https:\/\/barneyrooster.com\/wp-content\/uploads\/2023\/07\/Kepem-748x1024.png 748w, https:\/\/barneyrooster.com\/wp-content\/uploads\/2023\/07\/Kepem-219x300.png 219w, https:\/\/barneyrooster.com\/wp-content\/uploads\/2023\/07\/Kepem-768x1052.png 768w, https:\/\/barneyrooster.com\/wp-content\/uploads\/2023\/07\/Kepem-1121x1536.png 1121w, https:\/\/barneyrooster.com\/wp-content\/uploads\/2023\/07\/Kepem.png 1495w\" sizes=\"auto, (max-width: 748px) 100vw, 748px\" \/><\/figure>\n\n\n\n<p class=\"has-text-align-left has-contrast-color has-text-color has-inter-font-family has-small-font-size\"><strong>Honti Barnab\u00e1s vagyok, p\u00e1lyakezd\u0151 grafikus.<br><br><\/strong>Eg\u00e9sz \u00e9letemben k\u00f6zponti szerepet j\u00e1tszott a rajzol\u00e1s a l\u00e1tv\u00e1nyos vizu\u00e1lis megold\u00e1sok. Tanulm\u00e1nyaim sor\u00e1n &#8211; \u00e9s a mellett &#8211; sz\u00e1mos grafikai munk\u00e1t k\u00e9sz\u00edtettem, melyekr\u0151l pozit\u00edv visszajelz\u00e9seket kaptam, mind tan\u00e1raim, mind megb\u00edz\u00f3im \u00e9s ismer\u0151seim r\u00e9sz\u00e9r\u0151l is. <br> <br>A gal\u00e9ri\u00e1mban &#8211; a teljess\u00e9g ig\u00e9nye n\u00e9lk\u00fcl -l\u00e1thatj\u00e1k eddigi munk\u00e1imat, hogy m\u00e1sok is bepillant\u00e1st nyerhessenek ebbe a k\u00e9pi vil\u00e1gba. <br>Sz\u00edvesem veszem az \u00e9p\u00edt\u0151 jelleg\u0171 kritik\u00e1kat, hiszen folyamatosan t\u00f6rekszem a fejl\u0151d\u00e9sre \u00e9s igyekszem figyelemmel k\u00eds\u00e9rni a szakmai \u00fajdons\u00e1gokat. <br><br><br><\/p>\n<\/div>\n\n\n\n<p class=\"has-text-align-center has-large-font-size\"><\/p>\n<\/div><\/div>\n<\/div>\n","protected":false},"excerpt":{"rendered":"","protected":false},"author":2,"featured_media":0,"parent":0,"menu_order":0,"comment_status":"closed","ping_status":"closed","template":"","meta":{"footnotes":""},"class_list":["post-8","page","type-page","status-publish","hentry"],"_links":{"self":[{"href":"https:\/\/barneyrooster.com\/hu\/wp-json\/wp\/v2\/pages\/8","targetHints":{"allow":["GET"]}}],"collection":[{"href":"https:\/\/barneyrooster.com\/hu\/wp-json\/wp\/v2\/pages"}],"about":[{"href":"https:\/\/barneyrooster.com\/hu\/wp-json\/wp\/v2\/types\/page"}],"author":[{"embeddable":true,"href":"https:\/\/barneyrooster.com\/hu\/wp-json\/wp\/v2\/users\/2"}],"replies":[{"embeddable":true,"href":"https:\/\/barneyrooster.com\/hu\/wp-json\/wp\/v2\/comments?post=8"}],"version-history":[{"count":27,"href":"https:\/\/barneyrooster.com\/hu\/wp-json\/wp\/v2\/pages\/8\/revisions"}],"predecessor-version":[{"id":249,"href":"https:\/\/barneyrooster.com\/hu\/wp-json\/wp\/v2\/pages\/8\/revisions\/249"}],"wp:attachment":[{"href":"https:\/\/barneyrooster.com\/hu\/wp-json\/wp\/v2\/media?parent=8"}],"curies":[{"name":"wp","href":"https:\/\/api.w.org\/{rel}","templated":true}]}}